{"id":1917,"date":"2024-02-09T20:46:27","date_gmt":"2024-02-09T19:46:27","guid":{"rendered":"https:\/\/pampatour.com.ar\/?page_id=1917"},"modified":"2024-02-29T19:45:07","modified_gmt":"2024-02-29T18:45:07","slug":"areco-tour-estancia","status":"publish","type":"page","link":"https:\/\/pampatour.com.ar\/es\/areco-tour-estancia\/","title":{"rendered":"Areco Tour Privado &amp; Estancia"},"content":{"rendered":"<div data-elementor-type=\"wp-page\" data-elementor-id=\"1917\" class=\"elementor elementor-1917\">\n\t\t\t\t<div class=\"elementor-element elementor-element-2ff98ca e-flex e-con-boxed e-con e-parent\" data-id=\"2ff98ca\" data-element_type=\"container\" data-settings=\"{&quot;background_background&quot;:&quot;classic&quot;}\">\n\t\t\t\t\t<div class=\"e-con-inner\">\n\t\t\t\t<div class=\"elementor-element elementor-element-c553969 elementor-widget elementor-widget-heading\" data-id=\"c553969\" data-element_type=\"widget\" data-widget_type=\"heading.default\">\n\t\t\t\t<div class=\"elementor-widget-container\">\n\t\t\t\t\t<h2 class=\"elementor-heading-title elementor-size-default\">Areco Tour Privado &amp; Estancia<\/h2>\t\t\t\t<\/div>\n\t\t\t\t<\/div>\n\t\t\t\t\t<\/div>\n\t\t\t\t<\/div>\n\t\t<div class=\"elementor-element elementor-element-fe059d1 e-flex e-con-boxed e-con e-parent\" data-id=\"fe059d1\" data-element_type=\"container\">\n\t\t\t\t\t<div class=\"e-con-inner\">\n\t\t\t\t<div class=\"elementor-element elementor-element-1f8c577 elementor-widget elementor-widget-spacer\" data-id=\"1f8c577\" data-element_type=\"widget\" data-widget_type=\"spacer.default\">\n\t\t\t\t<div class=\"elementor-widget-container\">\n\t\t\t\t\t\t\t<div class=\"elementor-spacer\">\n\t\t\t<div class=\"elementor-spacer-inner\"><\/div>\n\t\t<\/div>\n\t\t\t\t\t\t<\/div>\n\t\t\t\t<\/div>\n\t\t\t\t\t<\/div>\n\t\t\t\t<\/div>\n\t\t<div class=\"elementor-element elementor-element-63d4479 e-flex e-con-boxed e-con e-parent\" data-id=\"63d4479\" data-element_type=\"container\">\n\t\t\t\t\t<div class=\"e-con-inner\">\n\t\t<div class=\"elementor-element elementor-element-f4f5510 e-con-full e-flex e-con e-child\" data-id=\"f4f5510\" data-element_type=\"container\">\n\t\t\t\t<div class=\"elementor-element elementor-element-a2fa12e elementor-arrows-position-inside elementor-pagination-position-outside elementor-widget elementor-widget-image-carousel\" data-id=\"a2fa12e\" data-element_type=\"widget\" data-settings=\"{&quot;slides_to_show&quot;:&quot;1&quot;,&quot;navigation&quot;:&quot;both&quot;,&quot;autoplay&quot;:&quot;yes&quot;,&quot;pause_on_hover&quot;:&quot;yes&quot;,&quot;pause_on_interaction&quot;:&quot;yes&quot;,&quot;autoplay_speed&quot;:5000,&quot;infinite&quot;:&quot;yes&quot;,&quot;effect&quot;:&quot;slide&quot;,&quot;speed&quot;:500}\" data-widget_type=\"image-carousel.default\">\n\t\t\t\t<div class=\"elementor-widget-container\">\n\t\t\t\t\t\t\t<div class=\"elementor-image-carousel-wrapper swiper\" role=\"region\" aria-roledescription=\"carousel\" aria-label=\"Carrusel de im\u00e1genes\" dir=\"ltr\">\n\t\t\t<div class=\"elementor-image-carousel swiper-wrapper swiper-image-stretch\" aria-live=\"off\">\n\t\t\t\t\t\t\t\t<div class=\"swiper-slide\" role=\"group\" aria-roledescription=\"slide\" aria-label=\"1 of 20\"><figure class=\"swiper-slide-inner\"><img decoding=\"async\" class=\"swiper-slide-image\" src=\"https:\/\/pampatour.com.ar\/wp-content\/uploads\/2024\/02\/7.png\" alt=\"7\" \/><\/figure><\/div><div class=\"swiper-slide\" role=\"group\" aria-roledescription=\"slide\" aria-label=\"2 of 20\"><figure class=\"swiper-slide-inner\"><img decoding=\"async\" class=\"swiper-slide-image\" src=\"https:\/\/pampatour.com.ar\/wp-content\/uploads\/2024\/02\/14.png\" alt=\"14\" \/><\/figure><\/div><div class=\"swiper-slide\" role=\"group\" aria-roledescription=\"slide\" aria-label=\"3 of 20\"><figure class=\"swiper-slide-inner\"><img decoding=\"async\" class=\"swiper-slide-image\" src=\"https:\/\/pampatour.com.ar\/wp-content\/uploads\/2024\/02\/1.png\" alt=\"1\" \/><\/figure><\/div><div class=\"swiper-slide\" role=\"group\" aria-roledescription=\"slide\" aria-label=\"4 of 20\"><figure class=\"swiper-slide-inner\"><img decoding=\"async\" class=\"swiper-slide-image\" src=\"https:\/\/pampatour.com.ar\/wp-content\/uploads\/2024\/02\/2.png\" alt=\"2\" \/><\/figure><\/div><div class=\"swiper-slide\" role=\"group\" aria-roledescription=\"slide\" aria-label=\"5 of 20\"><figure class=\"swiper-slide-inner\"><img decoding=\"async\" class=\"swiper-slide-image\" src=\"https:\/\/pampatour.com.ar\/wp-content\/uploads\/2024\/02\/3.png\" alt=\"3\" \/><\/figure><\/div><div class=\"swiper-slide\" role=\"group\" aria-roledescription=\"slide\" aria-label=\"6 of 20\"><figure class=\"swiper-slide-inner\"><img decoding=\"async\" class=\"swiper-slide-image\" src=\"https:\/\/pampatour.com.ar\/wp-content\/uploads\/2024\/02\/4.png\" alt=\"4\" \/><\/figure><\/div><div class=\"swiper-slide\" role=\"group\" aria-roledescription=\"slide\" aria-label=\"7 of 20\"><figure class=\"swiper-slide-inner\"><img decoding=\"async\" class=\"swiper-slide-image\" src=\"https:\/\/pampatour.com.ar\/wp-content\/uploads\/2024\/02\/5.png\" alt=\"5\" \/><\/figure><\/div><div class=\"swiper-slide\" role=\"group\" aria-roledescription=\"slide\" aria-label=\"8 of 20\"><figure class=\"swiper-slide-inner\"><img decoding=\"async\" class=\"swiper-slide-image\" src=\"https:\/\/pampatour.com.ar\/wp-content\/uploads\/2024\/02\/6.png\" alt=\"6\" \/><\/figure><\/div><div class=\"swiper-slide\" role=\"group\" aria-roledescription=\"slide\" aria-label=\"9 of 20\"><figure class=\"swiper-slide-inner\"><img decoding=\"async\" class=\"swiper-slide-image\" src=\"https:\/\/pampatour.com.ar\/wp-content\/uploads\/2024\/02\/8.png\" alt=\"8\" \/><\/figure><\/div><div class=\"swiper-slide\" role=\"group\" aria-roledescription=\"slide\" aria-label=\"10 of 20\"><figure class=\"swiper-slide-inner\"><img decoding=\"async\" class=\"swiper-slide-image\" src=\"https:\/\/pampatour.com.ar\/wp-content\/uploads\/2024\/02\/9.png\" alt=\"9\" \/><\/figure><\/div><div class=\"swiper-slide\" role=\"group\" aria-roledescription=\"slide\" aria-label=\"11 of 20\"><figure class=\"swiper-slide-inner\"><img decoding=\"async\" class=\"swiper-slide-image\" src=\"https:\/\/pampatour.com.ar\/wp-content\/uploads\/2024\/02\/10.png\" alt=\"10\" \/><\/figure><\/div><div class=\"swiper-slide\" role=\"group\" aria-roledescription=\"slide\" aria-label=\"12 of 20\"><figure class=\"swiper-slide-inner\"><img decoding=\"async\" class=\"swiper-slide-image\" src=\"https:\/\/pampatour.com.ar\/wp-content\/uploads\/2024\/02\/11.png\" alt=\"11\" \/><\/figure><\/div><div class=\"swiper-slide\" role=\"group\" aria-roledescription=\"slide\" aria-label=\"13 of 20\"><figure class=\"swiper-slide-inner\"><img decoding=\"async\" class=\"swiper-slide-image\" src=\"https:\/\/pampatour.com.ar\/wp-content\/uploads\/2024\/02\/12.png\" alt=\"12\" \/><\/figure><\/div><div class=\"swiper-slide\" role=\"group\" aria-roledescription=\"slide\" aria-label=\"14 of 20\"><figure class=\"swiper-slide-inner\"><img decoding=\"async\" class=\"swiper-slide-image\" src=\"https:\/\/pampatour.com.ar\/wp-content\/uploads\/2024\/02\/13.png\" alt=\"13\" \/><\/figure><\/div><div class=\"swiper-slide\" role=\"group\" aria-roledescription=\"slide\" aria-label=\"15 of 20\"><figure class=\"swiper-slide-inner\"><img decoding=\"async\" class=\"swiper-slide-image\" src=\"https:\/\/pampatour.com.ar\/wp-content\/uploads\/2024\/02\/15.png\" alt=\"15\" \/><\/figure><\/div><div class=\"swiper-slide\" role=\"group\" aria-roledescription=\"slide\" aria-label=\"16 of 20\"><figure class=\"swiper-slide-inner\"><img decoding=\"async\" class=\"swiper-slide-image\" src=\"https:\/\/pampatour.com.ar\/wp-content\/uploads\/2024\/02\/16.png\" alt=\"16\" \/><\/figure><\/div><div class=\"swiper-slide\" role=\"group\" aria-roledescription=\"slide\" aria-label=\"17 of 20\"><figure class=\"swiper-slide-inner\"><img decoding=\"async\" class=\"swiper-slide-image\" src=\"https:\/\/pampatour.com.ar\/wp-content\/uploads\/2024\/02\/17.png\" alt=\"17\" \/><\/figure><\/div><div class=\"swiper-slide\" role=\"group\" aria-roledescription=\"slide\" aria-label=\"18 of 20\"><figure class=\"swiper-slide-inner\"><img decoding=\"async\" class=\"swiper-slide-image\" src=\"https:\/\/pampatour.com.ar\/wp-content\/uploads\/2024\/02\/18.png\" alt=\"18\" \/><\/figure><\/div><div class=\"swiper-slide\" role=\"group\" aria-roledescription=\"slide\" aria-label=\"19 of 20\"><figure class=\"swiper-slide-inner\"><img decoding=\"async\" class=\"swiper-slide-image\" src=\"https:\/\/pampatour.com.ar\/wp-content\/uploads\/2024\/02\/19.png\" alt=\"19\" \/><\/figure><\/div><div class=\"swiper-slide\" role=\"group\" aria-roledescription=\"slide\" aria-label=\"20 of 20\"><figure class=\"swiper-slide-inner\"><img decoding=\"async\" class=\"swiper-slide-image\" src=\"https:\/\/pampatour.com.ar\/wp-content\/uploads\/2024\/02\/20.png\" alt=\"20\" \/><\/figure><\/div>\t\t\t<\/div>\n\t\t\t\t\t\t\t\t\t\t\t\t<div class=\"elementor-swiper-button elementor-swiper-button-prev\" role=\"button\" tabindex=\"0\">\n\t\t\t\t\t\t<svg aria-hidden=\"true\" class=\"e-font-icon-svg e-eicon-chevron-left\" viewbox=\"0 0 1000 1000\" xmlns=\"http:\/\/www.w3.org\/2000\/svg\"><path d=\"M646 125C629 125 613 133 604 142L308 442C296 454 292 471 292 487 292 504 296 521 308 533L604 854C617 867 629 875 646 875 663 875 679 871 692 858 704 846 713 829 713 812 713 796 708 779 692 767L438 487 692 225C700 217 708 204 708 187 708 171 704 154 692 142 675 129 663 125 646 125Z\"><\/path><\/svg>\t\t\t\t\t<\/div>\n\t\t\t\t\t<div class=\"elementor-swiper-button elementor-swiper-button-next\" role=\"button\" tabindex=\"0\">\n\t\t\t\t\t\t<svg aria-hidden=\"true\" class=\"e-font-icon-svg e-eicon-chevron-right\" viewbox=\"0 0 1000 1000\" xmlns=\"http:\/\/www.w3.org\/2000\/svg\"><path d=\"M696 533C708 521 713 504 713 487 713 471 708 454 696 446L400 146C388 133 375 125 354 125 338 125 325 129 313 142 300 154 292 171 292 187 292 204 296 221 308 233L563 492 304 771C292 783 288 800 288 817 288 833 296 850 308 863 321 871 338 875 354 875 371 875 388 867 400 854L696 533Z\"><\/path><\/svg>\t\t\t\t\t<\/div>\n\t\t\t\t\n\t\t\t\t\t\t\t\t\t<div class=\"swiper-pagination\"><\/div>\n\t\t\t\t\t\t\t\t\t<\/div>\n\t\t\t\t\t\t<\/div>\n\t\t\t\t<\/div>\n\t\t\t\t<div class=\"elementor-element elementor-element-305eb2e elementor-align-justify elementor-widget elementor-widget-button\" data-id=\"305eb2e\" data-element_type=\"widget\" data-widget_type=\"button.default\">\n\t\t\t\t<div class=\"elementor-widget-container\">\n\t\t\t\t\t\t\t\t\t<div class=\"elementor-button-wrapper\">\n\t\t\t\t\t<a class=\"elementor-button elementor-button-link elementor-size-xl elementor-animation-shrink\" href=\"#\">\n\t\t\t\t\t\t<span class=\"elementor-button-content-wrapper\">\n\t\t\t\t\t\t<span class=\"elementor-button-icon\">\n\t\t\t\t<svg aria-hidden=\"true\" class=\"e-font-icon-svg e-far-calendar-check\" viewbox=\"0 0 448 512\" xmlns=\"http:\/\/www.w3.org\/2000\/svg\"><path d=\"M400 64h-48V12c0-6.627-5.373-12-12-12h-40c-6.627 0-12 5.373-12 12v52H160V12c0-6.627-5.373-12-12-12h-40c-6.627 0-12 5.373-12 12v52H48C21.49 64 0 85.49 0 112v352c0 26.51 21.49 48 48 48h352c26.51 0 48-21.49 48-48V112c0-26.51-21.49-48-48-48zm-6 400H54a6 6 0 0 1-6-6V160h352v298a6 6 0 0 1-6 6zm-52.849-200.65L198.842 404.519c-4.705 4.667-12.303 4.637-16.971-.068l-75.091-75.699c-4.667-4.705-4.637-12.303.068-16.971l22.719-22.536c4.705-4.667 12.303-4.637 16.97.069l44.104 44.461 111.072-110.181c4.705-4.667 12.303-4.637 16.971.068l22.536 22.718c4.667 4.705 4.636 12.303-.069 16.97z\"><\/path><\/svg>\t\t\t<\/span>\n\t\t\t\t\t\t\t\t\t<span class=\"elementor-button-text\">RESERVAR AHORA<\/span>\n\t\t\t\t\t<\/span>\n\t\t\t\t\t<\/a>\n\t\t\t\t<\/div>\n\t\t\t\t\t\t\t\t<\/div>\n\t\t\t\t<\/div>\n\t\t\t\t<\/div>\n\t\t<div class=\"elementor-element elementor-element-09210f3 e-con-full e-flex e-con e-child\" data-id=\"09210f3\" data-element_type=\"container\">\n\t\t\t\t<div class=\"elementor-element elementor-element-ba49bcd elementor-widget elementor-widget-text-editor\" data-id=\"ba49bcd\" data-element_type=\"widget\" data-widget_type=\"text-editor.default\">\n\t\t\t\t<div class=\"elementor-widget-container\">\n\t\t\t\t\t\t\t\t\t<p>Duraci\u00f3n: Aproximadamente 9 horas.<br \/>Tour: Grupos reducidos.<br \/>Horarios:<br \/>Salida de Buenos Aires: 8:30 \/ 9:00 a.m.<br \/>Regreso a Buenos Aires: aproximadamente 6:00 p.m<br \/>-Salida y regreso a hoteles, airbnb o lugar elegido por ustedes, dentro de la ciudad de Buenos<br \/>Aires.<br \/>&#8211; Se buscar\u00e1 al pasajero seg\u00fan horario acordado, en confortable Van o auto.<br \/>-Acompa\u00f1ados de Gu\u00eda biling\u00fce.<br \/>-Incluye el tour: transporte ida y vuelta, entradas al Museo (Museo Gauchesco \/Parque Criollo<br \/>Ricardo G\u00fciraldes \u00f3 Museo Draghi ) y a Estancia La Porte\u00f1a.<br \/>-Incluye en la Estancia: comidas, bebidas y actividades (visita hist\u00f3rica, m\u00fasica y baile<br \/>folcl\u00f3rico, cabalgatas, animales de campo, demostraci\u00f3n con caballos, entre otros) .<\/p><p>Informaci\u00f3n adicional<br \/>-La confirmaci\u00f3n del tour la recibir\u00e1n por email cuando realicen la reserva.<br \/>-Lleve ropa y calzado c\u00f3modo para caminar.<br \/>-Necesitar\u00e1 pasaporte en regla y vigente al d\u00eda del tour.<br \/>-El tour es apto para ni\u00f1os.<br \/>-No apto para personas en silla de ruedas.<\/p>\t\t\t\t\t\t\t\t<\/div>\n\t\t\t\t<\/div>\n\t\t\t\t<\/div>\n\t\t\t\t\t<\/div>\n\t\t\t\t<\/div>\n\t\t<div class=\"elementor-element elementor-element-f339274 e-flex e-con-boxed e-con e-parent\" data-id=\"f339274\" data-element_type=\"container\">\n\t\t\t\t\t<div class=\"e-con-inner\">\n\t\t\t\t<div class=\"elementor-element elementor-element-25b1b3d elementor-widget-divider--view-line_icon elementor-view-default elementor-widget-divider--element-align-center elementor-widget elementor-widget-divider\" data-id=\"25b1b3d\" data-element_type=\"widget\" data-widget_type=\"divider.default\">\n\t\t\t\t<div class=\"elementor-widget-container\">\n\t\t\t\t\t\t\t<div class=\"elementor-divider\">\n\t\t\t<span class=\"elementor-divider-separator\">\n\t\t\t\t\t\t\t<div class=\"elementor-icon elementor-divider__element\">\n\t\t\t\t\t<svg aria-hidden=\"true\" class=\"e-font-icon-svg e-far-calendar-alt\" viewbox=\"0 0 448 512\" xmlns=\"http:\/\/www.w3.org\/2000\/svg\"><path d=\"M148 288h-40c-6.6 0-12-5.4-12-12v-40c0-6.6 5.4-12 12-12h40c6.6 0 12 5.4 12 12v40c0 6.6-5.4 12-12 12zm108-12v-40c0-6.6-5.4-12-12-12h-40c-6.6 0-12 5.4-12 12v40c0 6.6 5.4 12 12 12h40c6.6 0 12-5.4 12-12zm96 0v-40c0-6.6-5.4-12-12-12h-40c-6.6 0-12 5.4-12 12v40c0 6.6 5.4 12 12 12h40c6.6 0 12-5.4 12-12zm-96 96v-40c0-6.6-5.4-12-12-12h-40c-6.6 0-12 5.4-12 12v40c0 6.6 5.4 12 12 12h40c6.6 0 12-5.4 12-12zm-96 0v-40c0-6.6-5.4-12-12-12h-40c-6.6 0-12 5.4-12 12v40c0 6.6 5.4 12 12 12h40c6.6 0 12-5.4 12-12zm192 0v-40c0-6.6-5.4-12-12-12h-40c-6.6 0-12 5.4-12 12v40c0 6.6 5.4 12 12 12h40c6.6 0 12-5.4 12-12zm96-260v352c0 26.5-21.5 48-48 48H48c-26.5 0-48-21.5-48-48V112c0-26.5 21.5-48 48-48h48V12c0-6.6 5.4-12 12-12h40c6.6 0 12 5.4 12 12v52h128V12c0-6.6 5.4-12 12-12h40c6.6 0 12 5.4 12 12v52h48c26.5 0 48 21.5 48 48zm-48 346V160H48v298c0 3.3 2.7 6 6 6h340c3.3 0 6-2.7 6-6z\"><\/path><\/svg><\/div>\n\t\t\t\t\t\t<\/span>\n\t\t<\/div>\n\t\t\t\t\t\t<\/div>\n\t\t\t\t<\/div>\n\t\t\t\t<div class=\"elementor-element elementor-element-b22a8b1 elementor-widget elementor-widget-heading\" data-id=\"b22a8b1\" data-element_type=\"widget\" data-widget_type=\"heading.default\">\n\t\t\t\t<div class=\"elementor-widget-container\">\n\t\t\t\t\t<h2 class=\"elementor-heading-title elementor-size-default\">Informaci\u00f3n detallada:<\/h2>\t\t\t\t<\/div>\n\t\t\t\t<\/div>\n\t\t\t\t<div class=\"elementor-element elementor-element-193f0c6 elementor-widget__width-initial elementor-widget elementor-widget-text-editor\" data-id=\"193f0c6\" data-element_type=\"widget\" data-widget_type=\"text-editor.default\">\n\t\t\t\t<div class=\"elementor-widget-container\">\n\t\t\t\t\t\t\t\t\t<p>Despu\u00e9s de buscarlos en su hotel o lugar elegido, un gu\u00eda profesional los acompa\u00f1ar\u00e1 durante el viaje cont\u00e1ndoles historias e informaci\u00f3n relacionada con los lugares que visitar\u00e1n.Primer destino ser\u00e1 el pueblo de San Antonio de Areco, siendo un lugar muy reconocido por sus artesanos y tradici\u00f3n gauchesca. Dependiendo del d\u00eda de apertura, visitar\u00e1n el \u201cMuseo Gauchesco Ricardo G\u00fciraldes\u201d, siendo un muy importante escritor de la literatura Argentina, quien vivi\u00f3 y se inspir\u00f3 escribiendo sus libros en Estancia La Porte\u00f1a. Encontrar\u00e1n todo lo relacionado sobre el escritor, sus obras, usos y costumbres de la vida del Gaucho. (<a href=\"https:\/\/museoguiraldes.areco.gob.ar\/\">https:\/\/museoguiraldes.areco.gob.ar<\/a>)<\/p>\n<p>Por su parte, el Museo Draghi exhibe trabajos y t\u00e9cnicas realizadas en plater\u00eda. Mostrando a su vez la orfebrer\u00eda e indumentaria de piezas \u00fanicas realizadas en estilo criollo.(<a href=\"http:\/\/www.marianodraghi.com\/el-museo\">http:\/\/www.marianodraghi.com\/el-museo<\/a>). A su vez har\u00e1n un recorrido por la Plaza principal visitando La Parroquia San Antonio de Padua y un Bar \/ Almac\u00e9n Gaucho. Posteriormente de este recorrido enriquecedor culturalmente, Estancia La Porte\u00f1a los estar\u00e1 esperando a tan solo 10 minutos de San Antonio de Areco! Siendo una t\u00edpica Estancia Argentina considerada una de las m\u00e1s atractivas y tradicionales del pa\u00eds. Casco hist\u00f3rico construido en 1822 y su parque fue dise\u00f1ado por el paisajista franc\u00e9s Charles Thays. En San Antonio de Areco, se pueden visitar muy lindas Estancias, pero solo una es Monumento Hist\u00f3rico Nacional y esa es Estancia La Porte\u00f1a; en donde apreciaran lugares \u00fanicos, como \u00e1rboles de m\u00e1s de 200 a\u00f1os, el Rinc\u00f3n del Poeta y el viejo fog\u00f3n de \u201cDon Segundo Sombra\u201d (la obra m\u00e1s reconocida del escritor). Tambi\u00e9n Estancia La Porte\u00f1a ha sido distinguida y elegida, como uno de \u201cLos 1.000 Lugares para ver antes de morir \u201d\u2019 !! (Elegida por Traveler\u00b4s Life List by Patricia Schultz)<\/p>\n<p><br><\/p>\n<p><strong>Estancia La Porte\u00f1a les ofrecer\u00e1 la tradici\u00f3n Argentina en un d\u00eda inolvidable<\/strong>:<br><\/p>\n<ul>\n<li>Recepci\u00f3n con variedad de empanadas y acompa\u00f1amientos.<\/li>\n<li>Almuerzo: asado con diferentes tipos de carne, verduras grilladas, variedad de ensaladas e<br>incluye postre. Acompa\u00f1ado de bebidas y vinos de bodegas argentinas (sin costo adicional).<\/li>\n<li>Hora del T\u00e9 \/ Mate acompa\u00f1ada de diversidad de tortas, budines, bu\u00f1uelitos y pastelitos caseros.<br><br><\/li>\n<li><strong>Actividades incluidas en el D\u00eda de Campo:<\/strong><\/li>\n<li>&nbsp;Visita hist\u00f3rica por el casco hist\u00f3rico y lugares \u00fanicos representativos de la Estancia.<\/li>\n<li>&nbsp;Cabalgatas guiadas por las pampas, dentro de la Estancia pasando por un bosque natural.<\/li>\n<li>&nbsp;Paseo en Carruaje.<\/li>\n<li>&nbsp;Demostraci\u00f3n de caballos \/ destrezas criollas.<\/li>\n<li>&nbsp;Guitarreada y baile folkl\u00f3rico, el que se anime a bailar se le ense\u00f1aran bailes t\u00edpicos de la<br>regi\u00f3n!<\/li>\n<li>&nbsp;Vengan a conocer animales de campo: caballos, cabras, ovejas, cerdos, vacas, entre otros.<br>\u00b7 Pileta\/Piscina (en temporada).<br>(<a href=\"http:\/\/www.laporteniadeareco.com.ar\/\">www.laporteniadeareco.com.ar&nbsp;<\/a>)<\/li>\n<\/ul>\t\t\t\t\t\t\t\t<\/div>\n\t\t\t\t<\/div>\n\t\t\t\t<div class=\"elementor-element elementor-element-a220390 elementor-align-center elementor-widget elementor-widget-button\" data-id=\"a220390\" data-element_type=\"widget\" data-widget_type=\"button.default\">\n\t\t\t\t<div class=\"elementor-widget-container\">\n\t\t\t\t\t\t\t\t\t<div class=\"elementor-button-wrapper\">\n\t\t\t\t\t<a class=\"elementor-button elementor-button-link elementor-size-xl elementor-animation-shrink\" href=\"#\">\n\t\t\t\t\t\t<span class=\"elementor-button-content-wrapper\">\n\t\t\t\t\t\t<span class=\"elementor-button-icon\">\n\t\t\t\t<svg aria-hidden=\"true\" class=\"e-font-icon-svg e-far-calendar-check\" viewbox=\"0 0 448 512\" xmlns=\"http:\/\/www.w3.org\/2000\/svg\"><path d=\"M400 64h-48V12c0-6.627-5.373-12-12-12h-40c-6.627 0-12 5.373-12 12v52H160V12c0-6.627-5.373-12-12-12h-40c-6.627 0-12 5.373-12 12v52H48C21.49 64 0 85.49 0 112v352c0 26.51 21.49 48 48 48h352c26.51 0 48-21.49 48-48V112c0-26.51-21.49-48-48-48zm-6 400H54a6 6 0 0 1-6-6V160h352v298a6 6 0 0 1-6 6zm-52.849-200.65L198.842 404.519c-4.705 4.667-12.303 4.637-16.971-.068l-75.091-75.699c-4.667-4.705-4.637-12.303.068-16.971l22.719-22.536c4.705-4.667 12.303-4.637 16.97.069l44.104 44.461 111.072-110.181c4.705-4.667 12.303-4.637 16.971.068l22.536 22.718c4.667 4.705 4.636 12.303-.069 16.97z\"><\/path><\/svg>\t\t\t<\/span>\n\t\t\t\t\t\t\t\t\t<span class=\"elementor-button-text\">RESERVAR AHORA<\/span>\n\t\t\t\t\t<\/span>\n\t\t\t\t\t<\/a>\n\t\t\t\t<\/div>\n\t\t\t\t\t\t\t\t<\/div>\n\t\t\t\t<\/div>\n\t\t\t\t\t<\/div>\n\t\t\t\t<\/div>\n\t\t<div class=\"elementor-element elementor-element-dd6e362 e-flex e-con-boxed e-con e-parent\" data-id=\"dd6e362\" data-element_type=\"container\">\n\t\t\t\t\t<div class=\"e-con-inner\">\n\t\t\t\t<div class=\"elementor-element elementor-element-e0bad50 elementor-widget elementor-widget-spacer\" data-id=\"e0bad50\" data-element_type=\"widget\" data-widget_type=\"spacer.default\">\n\t\t\t\t<div class=\"elementor-widget-container\">\n\t\t\t\t\t\t\t<div class=\"elementor-spacer\">\n\t\t\t<div class=\"elementor-spacer-inner\"><\/div>\n\t\t<\/div>\n\t\t\t\t\t\t<\/div>\n\t\t\t\t<\/div>\n\t\t\t\t\t<\/div>\n\t\t\t\t<\/div>\n\t\t\t\t<\/div>","protected":false},"excerpt":{"rendered":"<p>Areco Tour &#038; Estancia RESERVAR AHORA Duraci\u00f3n: Aproximadamente 9 horas.Tour: Grupos reducidos.Horarios:Salida de Buenos Aires: 8:30 \/ 9:00 a.m.Regreso a Buenos Aires: aproximadamente 6:00 p.m-Salida y regreso a hoteles, airbnb o lugar elegido por ustedes, dentro de la ciudad de BuenosAires.&#8211; Se buscar\u00e1 al pasajero seg\u00fan horario acordado, en confortable Van o auto.-Acompa\u00f1ados de Gu\u00eda [&hellip;]<\/p>\n","protected":false},"author":1,"featured_media":0,"parent":0,"menu_order":0,"comment_status":"closed","ping_status":"closed","template":"","meta":{"site-sidebar-layout":"no-sidebar","site-content-layout":"page-builder","ast-site-content-layout":"full-width-container","site-content-style":"default","site-sidebar-style":"default","ast-global-header-display":"","ast-banner-title-visibility":"","ast-main-header-display":"","ast-hfb-above-header-display":"","ast-hfb-below-header-display":"","ast-hfb-mobile-header-display":"","site-post-title":"disabled","ast-breadcrumbs-content":"","ast-featured-img":"disabled","footer-sml-layout":"","theme-transparent-header-meta":"","adv-header-id-meta":"","stick-header-meta":"","header-above-stick-meta":"","header-main-stick-meta":"","header-below-stick-meta":"","astra-migrate-meta-layouts":"default","ast-page-background-enabled":"default","ast-page-background-meta":{"desktop":{"background-color":"var(--ast-global-color-4)","background-image":"","background-repeat":"repeat","background-position":"center center","background-size":"auto","background-attachment":"scroll","background-type":"","background-media":"","overlay-type":"","overlay-color":"","overlay-gradient":""},"tablet":{"background-color":"","background-image":"","background-repeat":"repeat","background-position":"center center","background-size":"auto","background-attachment":"scroll","background-type":"","background-media":"","overlay-type":"","overlay-color":"","overlay-gradient":""},"mobile":{"background-color":"","background-image":"","background-repeat":"repeat","background-position":"center center","background-size":"auto","background-attachment":"scroll","background-type":"","background-media":"","overlay-type":"","overlay-color":"","overlay-gradient":""}},"ast-content-background-meta":{"desktop":{"background-color":"var(--ast-global-color-5)","background-image":"","background-repeat":"repeat","background-position":"center center","background-size":"auto","background-attachment":"scroll","background-type":"","background-media":"","overlay-type":"","overlay-color":"","overlay-gradient":""},"tablet":{"background-color":"var(--ast-global-color-5)","background-image":"","background-repeat":"repeat","background-position":"center center","background-size":"auto","background-attachment":"scroll","background-type":"","background-media":"","overlay-type":"","overlay-color":"","overlay-gradient":""},"mobile":{"background-color":"var(--ast-global-color-5)","background-image":"","background-repeat":"repeat","background-position":"center center","background-size":"auto","background-attachment":"scroll","background-type":"","background-media":"","overlay-type":"","overlay-color":"","overlay-gradient":""}},"footnotes":""},"_links":{"self":[{"href":"https:\/\/pampatour.com.ar\/es\/wp-json\/wp\/v2\/pages\/1917"}],"collection":[{"href":"https:\/\/pampatour.com.ar\/es\/wp-json\/wp\/v2\/pages"}],"about":[{"href":"https:\/\/pampatour.com.ar\/es\/wp-json\/wp\/v2\/types\/page"}],"author":[{"embeddable":true,"href":"https:\/\/pampatour.com.ar\/es\/wp-json\/wp\/v2\/users\/1"}],"replies":[{"embeddable":true,"href":"https:\/\/pampatour.com.ar\/es\/wp-json\/wp\/v2\/comments?post=1917"}],"version-history":[{"count":99,"href":"https:\/\/pampatour.com.ar\/es\/wp-json\/wp\/v2\/pages\/1917\/revisions"}],"predecessor-version":[{"id":2462,"href":"https:\/\/pampatour.com.ar\/es\/wp-json\/wp\/v2\/pages\/1917\/revisions\/2462"}],"wp:attachment":[{"href":"https:\/\/pampatour.com.ar\/es\/wp-json\/wp\/v2\/media?parent=1917"}],"curies":[{"name":"wp","href":"https:\/\/api.w.org\/{rel}","templated":true}]}}